{"id":6669,"date":"2018-08-03T08:06:05","date_gmt":"2018-08-03T08:06:05","guid":{"rendered":"http:\/\/labtechco.themestek.com\/?page_id=6669"},"modified":"2020-10-28T14:04:20","modified_gmt":"2020-10-28T14:04:20","slug":"about-us","status":"publish","type":"page","link":"https:\/\/corporateservicesv.com\/web\/about-us\/","title":{"rendered":"Acerca de Corporate Service"},"content":{"rendered":"<p>[vc_row themestek_responsive_css=\u00bb99092402|colbreak_no|||||||||colbreak_no|||||||||colbreak_no||||||||||colbreak_no|||||||||\u00bb][vc_column][vc_row_inner][vc_column_inner width=\u00bb1\/2&#8243;][vc_single_image image=\u00bb10486&#8243; img_size=\u00bb676*450&#8243;][\/vc_column_inner][vc_column_inner width=\u00bb1\/2&#8243;][vc_single_image image=\u00bb10489&#8243; img_size=\u00bb676*450&#8243;][\/vc_column_inner][\/vc_row_inner][vc_row_inner gap=\u00bb0px\u00bb css=\u00bb.vc_custom_1558172008025{margin-top: 20px !important;}\u00bb][vc_column_inner width=\u00bb1\/3&#8243;]<div class=\"themestek-element-heading-wrapper themestek-heading-inner themestek-element-align-left themestek-seperator-none \"><section class=\"themestek-vc_cta3-container\"><div class=\"themestek-vc_general themestek-vc_cta3 themestek-cta3-only themestek-vc_cta3-style-classic themestek-vc_cta3-shape-rounded themestek-vc_cta3-align-left themestek-vc_cta3-color-transparent themestek-vc_cta3-icon-size-md themestek-vc_cta3-actions-no themestek-cta3-without-desc\"><div class=\"themestek-vc_cta3_content-container\"><div class=\"themestek-vc_cta3-content\"><div class=\"themestek-vc_cta3-content-header themestek-wrap\"><div class=\"themestek-vc_cta3-headers themestek-wrap-cell\"><h4 class=\"themestek-custom-heading \" >Acerca de nosotros<\/h4>\n<h2 class=\"themestek-custom-heading \" >Su mejor alternativa en outsourcing desde 2017<\/h2>\n<\/div><\/div><\/div><\/div><\/div><\/section><\/div> <!-- .themestek-element-heading-wrapper container --> [\/vc_column_inner][vc_column_inner width=\u00bb1\/3&#8243; css=\u00bb.vc_custom_1558604859344{margin-top: 10px !important;margin-left: -50px !important;padding-bottom: 0px !important;}\u00bb themestek_responsive_css=\u00bb77007796|colbreak_no|||||||||colbreak_no||||0|||||colbreak_no||||15||||||colbreak_no|||||||||\u00bb]<div class=\"themestek-progress-bar vc_progress_bar wpb_content_element vc_progress-bar-color-skincolor vc_progress-bar-color-skincolor\"><div class=\"themestek-pbar-single-bar-w themestek-pbar-icon-false\"><div class=\"vc_general vc_single_bar\"><small class=\"vc_label\">Servicios de Limpieza<\/small> <span class=\"themestek-vc_label_units vc_label_units\">100%<\/span><span class=\"vc_bar \" data-percentage-value=\"100\" data-value=\"100\"><\/span><\/div><\/div><div class=\"themestek-pbar-single-bar-w themestek-pbar-icon-false\"><div class=\"vc_general vc_single_bar\"><small class=\"vc_label\">Outsourcing de Personal<\/small> <span class=\"themestek-vc_label_units vc_label_units\">100%<\/span><span class=\"vc_bar \" data-percentage-value=\"100\" data-value=\"100\"><\/span><\/div><\/div><div class=\"themestek-pbar-single-bar-w themestek-pbar-icon-false\"><div class=\"vc_general vc_single_bar\"><small class=\"vc_label\">Administraci\u00f3n de Planillas<\/small> <span class=\"themestek-vc_label_units vc_label_units\">100%<\/span><span class=\"vc_bar \" data-percentage-value=\"100\" data-value=\"100\"><\/span><\/div><\/div><\/div>[\/vc_column_inner][vc_column_inner width=\u00bb1\/3&#8243; css=\u00bb.vc_custom_1556864523864{margin-top: 25px !important;}\u00bb][vc_column_text]Somos una empresa actualizada en servicios de limpieza y selecci\u00f3n de personal en El Salvador, con profesionalismo en servicios de calidad mediante el outsourcing.<\/p>\n<p>Estamos a su disposici\u00f3n debido a que cada vez m\u00e1s se requiere evaluar la utilizaci\u00f3n a terceros para desarrollar un servicio que no est\u00e9 directamente relacionado con el giro primario de su organizaci\u00f3n.[\/vc_column_text][\/vc_column_inner][\/vc_row_inner][\/vc_column][\/vc_row][vc_row full_width=\u00bbstretch_row\u00bb css=\u00bb.vc_custom_1557487300803{border-top-width: 1px !important;border-bottom-width: 1px !important;padding-top: 50px !important;border-top-color: #e5eff7 !important;border-top-style: solid !important;border-bottom-color: #e5eff7 !important;border-bottom-style: solid !important;}\u00bb][vc_column]<div class=\"themestek-boxes themestek-boxes-client themestek-boxes-view-carousel themestek-boxes-col-five themestek-boxes-sortable-no themestek-boxes-textalign-center themestek-boxes-sortablebutton- themestek-boxes-carousel-arrows-above themestek-boxes-txtalign-center\" data-themestek-speed=\"1500\" data-themestek-autoplay=\"1\" data-themestek-autoplayspeed=\"4500\" data-themestek-loop=\"1\" data-themestek-dots=\"0\" data-themestek-nav=\"above\" data-themestek-centermode=\"0\" data-themestek-pauseonfocus=\"1\" data-themestek-pauseonhover=\"1\" data-themestek-slidestoscroll=\"column\" data-themestek-effecttype=\"slide\">\r\n\t\t<div class=\"themestek-boxes-inner themestek-boxes-client-inner \">\r\n\t\t\t\r\n\t\t\t<div class=\"row multi-columns-row themestek-boxes-row-wrapper\">\r\n\t\t\t\t<div class=\"themestek-box-col-wrapper col-lg-20percent col-sm-4 col-md-4 col-xs-12 \"><div class=\"themestek-client-logo-box-w\"><div class=\"themestek-client-logo-tooltip\" data-tooltip=\"Ventus\"><div class=\"themestek-box themestek-box-client themestek-clientbox-style-1 \">\n\t\r\n\t\t<span class=\"themestek-item-thumbnail\">\r\n\t\t\t<span class=\"themestek-item-thumbnail-inner\">\r\n\t\t\t\t<img width=\"185\" height=\"137\" src=\"https:\/\/corporateservicesv.com\/web\/wp-content\/uploads\/2018\/12\/ventus.jpg\" class=\"attachment-full size-full wp-post-image\" alt=\"\" \/>\r\n\t\t\t<\/span>\r\n\t\t<\/span>\t<\/div><\/div><\/div><!-- .themestek-client-logo-box-w --> <\/div><div class=\"themestek-box-col-wrapper col-lg-20percent col-sm-4 col-md-4 col-xs-12 \"><div class=\"themestek-client-logo-box-w\"><div class=\"themestek-client-logo-tooltip\" data-tooltip=\"MT2005\"><div class=\"themestek-box themestek-box-client themestek-clientbox-style-1 \">\n\t\r\n\t\t<span class=\"themestek-item-thumbnail\">\r\n\t\t\t<span class=\"themestek-item-thumbnail-inner\">\r\n\t\t\t\t<img width=\"185\" height=\"137\" src=\"https:\/\/corporateservicesv.com\/web\/wp-content\/uploads\/2018\/12\/mt2005.jpg\" class=\"attachment-full size-full wp-post-image\" alt=\"\" \/>\r\n\t\t\t<\/span>\r\n\t\t<\/span>\t<\/div><\/div><\/div><!-- .themestek-client-logo-box-w --> <\/div><div class=\"themestek-box-col-wrapper col-lg-20percent col-sm-4 col-md-4 col-xs-12 \"><div class=\"themestek-client-logo-box-w\"><div class=\"themestek-client-logo-tooltip\" data-tooltip=\"Mead Johnson\"><div class=\"themestek-box themestek-box-client themestek-clientbox-style-1 \">\n\t\r\n\t\t<span class=\"themestek-item-thumbnail\">\r\n\t\t\t<span class=\"themestek-item-thumbnail-inner\">\r\n\t\t\t\t<img width=\"185\" height=\"137\" src=\"https:\/\/corporateservicesv.com\/web\/wp-content\/uploads\/2018\/12\/meadjohnson.jpg\" class=\"attachment-full size-full wp-post-image\" alt=\"\" \/>\r\n\t\t\t<\/span>\r\n\t\t<\/span>\t<\/div><\/div><\/div><!-- .themestek-client-logo-box-w --> <\/div><div class=\"themestek-box-col-wrapper col-lg-20percent col-sm-4 col-md-4 col-xs-12 \"><div class=\"themestek-client-logo-box-w\"><div class=\"themestek-client-logo-tooltip\" data-tooltip=\"ISDA\"><div class=\"themestek-box themestek-box-client themestek-clientbox-style-1 \">\n\t\r\n\t\t<span class=\"themestek-item-thumbnail\">\r\n\t\t\t<span class=\"themestek-item-thumbnail-inner\">\r\n\t\t\t\t<img width=\"185\" height=\"137\" src=\"https:\/\/corporateservicesv.com\/web\/wp-content\/uploads\/2018\/12\/isda.jpg\" class=\"attachment-full size-full wp-post-image\" alt=\"\" \/>\r\n\t\t\t<\/span>\r\n\t\t<\/span>\t<\/div><\/div><\/div><!-- .themestek-client-logo-box-w --> <\/div><div class=\"themestek-box-col-wrapper col-lg-20percent col-sm-4 col-md-4 col-xs-12 \"><div class=\"themestek-client-logo-box-w\"><div class=\"themestek-client-logo-tooltip\" data-tooltip=\"ACL Group\"><div class=\"themestek-box themestek-box-client themestek-clientbox-style-1 \">\n\t\r\n\t\t<span class=\"themestek-item-thumbnail\">\r\n\t\t\t<span class=\"themestek-item-thumbnail-inner\">\r\n\t\t\t\t<img width=\"185\" height=\"137\" src=\"https:\/\/corporateservicesv.com\/web\/wp-content\/uploads\/2018\/12\/acl.jpg\" class=\"attachment-full size-full wp-post-image\" alt=\"\" \/>\r\n\t\t\t<\/span>\r\n\t\t<\/span>\t<\/div><\/div><\/div><!-- .themestek-client-logo-box-w --> <\/div><div class=\"themestek-box-col-wrapper col-lg-20percent col-sm-4 col-md-4 col-xs-12 \"><div class=\"themestek-client-logo-box-w\"><div class=\"themestek-client-logo-tooltip\" data-tooltip=\"BEMISAL\"><div class=\"themestek-box themestek-box-client themestek-clientbox-style-1 \">\n\t\r\n\t\t<span class=\"themestek-item-thumbnail\">\r\n\t\t\t<span class=\"themestek-item-thumbnail-inner\">\r\n\t\t\t\t<img width=\"185\" height=\"137\" src=\"https:\/\/corporateservicesv.com\/web\/wp-content\/uploads\/2018\/12\/bemisal.jpg\" class=\"attachment-full size-full wp-post-image\" alt=\"\" \/>\r\n\t\t\t<\/span>\r\n\t\t<\/span>\t<\/div><\/div><\/div><!-- .themestek-client-logo-box-w --> <\/div><div class=\"themestek-box-col-wrapper col-lg-20percent col-sm-4 col-md-4 col-xs-12 \"><div class=\"themestek-client-logo-box-w\"><div class=\"themestek-client-logo-tooltip\" data-tooltip=\"All American Travel\"><div class=\"themestek-box themestek-box-client themestek-clientbox-style-1 \">\n\t\r\n\t\t<span class=\"themestek-item-thumbnail\">\r\n\t\t\t<span class=\"themestek-item-thumbnail-inner\">\r\n\t\t\t\t<img width=\"185\" height=\"137\" src=\"https:\/\/corporateservicesv.com\/web\/wp-content\/uploads\/2018\/12\/allamerican.jpg\" class=\"attachment-full size-full wp-post-image\" alt=\"\" \/>\r\n\t\t\t<\/span>\r\n\t\t<\/span>\t<\/div><\/div><\/div><!-- .themestek-client-logo-box-w --> <\/div><div class=\"themestek-box-col-wrapper col-lg-20percent col-sm-4 col-md-4 col-xs-12 \"><div class=\"themestek-client-logo-box-w\"><div class=\"themestek-client-logo-tooltip\" data-tooltip=\"IBI\"><div class=\"themestek-box themestek-box-client themestek-clientbox-style-1 \">\n\t\r\n\t\t<span class=\"themestek-item-thumbnail\">\r\n\t\t\t<span class=\"themestek-item-thumbnail-inner\">\r\n\t\t\t\t<img width=\"185\" height=\"137\" src=\"https:\/\/corporateservicesv.com\/web\/wp-content\/uploads\/2018\/12\/ibi.jpg\" class=\"attachment-full size-full wp-post-image\" alt=\"\" \/>\r\n\t\t\t<\/span>\r\n\t\t<\/span>\t<\/div><\/div><\/div><!-- .themestek-client-logo-box-w --> <\/div><div class=\"themestek-box-col-wrapper col-lg-20percent col-sm-4 col-md-4 col-xs-12 \"><div class=\"themestek-client-logo-box-w\"><div class=\"themestek-client-logo-tooltip\" data-tooltip=\"INTRADESA\"><div class=\"themestek-box themestek-box-client themestek-clientbox-style-1 \">\n\t\r\n\t\t<span class=\"themestek-item-thumbnail\">\r\n\t\t\t<span class=\"themestek-item-thumbnail-inner\">\r\n\t\t\t\t<img width=\"185\" height=\"137\" src=\"https:\/\/corporateservicesv.com\/web\/wp-content\/uploads\/2018\/12\/intradesa.jpg\" class=\"attachment-full size-full wp-post-image\" alt=\"\" \/>\r\n\t\t\t<\/span>\r\n\t\t<\/span>\t<\/div><\/div><\/div><!-- .themestek-client-logo-box-w --> <\/div><div class=\"themestek-box-col-wrapper col-lg-20percent col-sm-4 col-md-4 col-xs-12 \"><div class=\"themestek-client-logo-box-w\"><div class=\"themestek-client-logo-tooltip\" data-tooltip=\"King Ocean Services\"><div class=\"themestek-box themestek-box-client themestek-clientbox-style-1 \">\n\t\r\n\t\t<span class=\"themestek-item-thumbnail\">\r\n\t\t\t<span class=\"themestek-item-thumbnail-inner\">\r\n\t\t\t\t<img width=\"185\" height=\"137\" src=\"https:\/\/corporateservicesv.com\/web\/wp-content\/uploads\/2018\/12\/kingocean.jpg\" class=\"attachment-full size-full wp-post-image\" alt=\"\" \/>\r\n\t\t\t<\/span>\r\n\t\t<\/span>\t<\/div><\/div><\/div><!-- .themestek-client-logo-box-w --> <\/div>\r\n\t\t\t<\/div>\r\n\t\t<\/div><!-- .themestek-boxes-inner -->   <\/div><!-- .themestek-boxes -->  [\/vc_column][\/vc_row][vc_row themestek_textcolor=\u00bbwhite\u00bb full_width=\u00bbstretch_row\u00bb equal_height=\u00bbyes\u00bb css=\u00bb.vc_custom_1557487815381{padding-top: 71px !important;padding-bottom: 50px !important;background-image: url(http:\/\/cleaninco.themestek2.com\/wp-content\/uploads\/2019\/04\/bg-img.png?id=9388) !important;background-position: center !important;background-repeat: no-repeat !important;background-size: cover !important;}\u00bb][vc_column]<div class=\"themestek-ihbox themestek-ihbox-style-3 themestek-ihbox-itype-icon \">\n\t<div class=\"themestek-sbox-bgimage-layer themestek-bgimage-layer\"><\/div>\n\t<div class=\"themestek-ihbox-wrapper-bg-layer themestek-bg-layer\"><\/div>\n\t<div class=\"themestek-ihbox-inner\">\n\t\t<div class=\"themestek-ihbox-icon  themestek-icon-skincolor\">\n\t\t\t<div class=\"themestek-ihbox-icon-wrapper\"><i class=\"themestek-cleaninco-business-icon themestek-cleaninco-business-icon-brush-2\"><\/i><\/div>\t\t<\/div>\n\t\t<div class=\"themestek-ihbox-contents\">\n\t\t\t<div class=\"themestek-vc_general themestek-vc_cta3 themestek-cta3-only themestek-vc_cta3-style-classic themestek-vc_cta3-shape-rounded themestek-vc_cta3-align-left themestek-vc_cta3-color-transparent themestek-vc_cta3-icon-size-md themestek-vc_cta3-actions-no themestek-cta3-without-desc\"><div class=\"themestek-vc_cta3_content-container\"><div class=\"themestek-vc_cta3-content\"><div class=\"themestek-vc_cta3-content-header themestek-wrap\"><div class=\"themestek-vc_cta3-headers themestek-wrap-cell\"><h2 class=\"themestek-custom-heading \">\u00bfDeseas m\u00e1s informaci\u00f3n?<\/h2>\n<\/div><\/div><\/div><\/div><\/div>\t\t\t\t\t\t\t\t<\/div><!-- .themestek-ihbox-contents -->\n\t<\/div>\n<\/div>\n\n\t\t<div class=\"themestek-vc_btn3-container themestek-vc_btn3-center vc_custom_1603893856235\"><a class=\"themestek-vc_general themestek-vc_btn3 themestek-vc_btn3-size-md themestek-vc_btn3-shape-square themestek-vc_btn3-style-flat themestek-vc_btn3-weight-no themestek-vc_btn3-color-inverse\" href=\"https:\/\/corporateservicesv.com\/web\/cotizacion\/\" title=\"Solicite Informaci\u00f3n\">Solicitar Cotizaci\u00f3n<\/a><\/div>[\/vc_column][\/vc_row]<\/p>\n","protected":false},"excerpt":{"rendered":"<p>[vc_row themestek_responsive_css=\u00bb99092402|colbreak_no|||||||||colbreak_no|||||||||colbreak_no||||||||||colbreak_no|||||||||\u00bb][vc_column][vc_row_inner][vc_column_inner width=\u00bb1\/2&#8243;][vc_single_image image=\u00bb10486&#8243; img_size=\u00bb676*450&#8243;][\/vc_column_inner][vc_column_inner width=\u00bb1\/2&#8243;][vc_single_image image=\u00bb10489&#8243; img_size=\u00bb676*450&#8243;][\/vc_column_inner][\/vc_row_inner][vc_row_inner gap=\u00bb0px\u00bb css=\u00bb.vc_custom_1558172008025{margin-top: 20px !important;}\u00bb][vc_column_inner width=\u00bb1\/3&#8243;][\/vc_column_inner][vc_column_inner width=\u00bb1\/3&#8243; css=\u00bb.vc_custom_1558604859344{margin-top: 10px !important;margin-left: -50px !important;padding-bottom: 0px !important;}\u00bb themestek_responsive_css=\u00bb77007796|colbreak_no|||||||||colbreak_no||||0|||||colbreak_no||||15||||||colbreak_no|||||||||\u00bb][\/vc_column_inner][vc_column_inner width=\u00bb1\/3&#8243; css=\u00bb.vc_custom_1556864523864{margin-top: 25px !important;}\u00bb][vc_column_text]Somos una empresa actualizada en servicios de limpieza y selecci\u00f3n de personal en El Salvador, con profesionalismo en servicios de calidad mediante el outsourcing. Estamos a su disposici\u00f3n debido a &hellip; <a href=\"https:\/\/corporateservicesv.com\/web\/client\/client-01\/\" class=\"more-link\">Continue reading <span class=\"screen-reader-text\">King Ocean Services<\/span><\/a><\/p>\n","protected":false},"author":1,"featured_media":0,"parent":0,"menu_order":4,"comment_status":"closed","ping_status":"closed","template":"","meta":[],"_links":{"self":[{"href":"https:\/\/corporateservicesv.com\/web\/wp-json\/wp\/v2\/pages\/6669"}],"collection":[{"href":"https:\/\/corporateservicesv.com\/web\/wp-json\/wp\/v2\/pages"}],"about":[{"href":"https:\/\/corporateservicesv.com\/web\/wp-json\/wp\/v2\/types\/page"}],"author":[{"embeddable":true,"href":"https:\/\/corporateservicesv.com\/web\/wp-json\/wp\/v2\/users\/1"}],"replies":[{"embeddable":true,"href":"https:\/\/corporateservicesv.com\/web\/wp-json\/wp\/v2\/comments?post=6669"}],"version-history":[{"count":5,"href":"https:\/\/corporateservicesv.com\/web\/wp-json\/wp\/v2\/pages\/6669\/revisions"}],"predecessor-version":[{"id":10760,"href":"https:\/\/corporateservicesv.com\/web\/wp-json\/wp\/v2\/pages\/6669\/revisions\/10760"}],"wp:attachment":[{"href":"https:\/\/corporateservicesv.com\/web\/wp-json\/wp\/v2\/media?parent=6669"}],"curies":[{"name":"wp","href":"https:\/\/api.w.org\/{rel}","templated":true}]}}